{"id":52,"date":"2025-05-11T18:32:48","date_gmt":"2025-05-11T16:32:48","guid":{"rendered":"https:\/\/hotelartemis.best\/?page_id=52"},"modified":"2025-05-19T20:18:41","modified_gmt":"2025-05-19T18:18:41","slug":"politique-de-confidentialite","status":"publish","type":"page","link":"https:\/\/rodental.ch\/en\/politique-de-confidentialite\/","title":{"rendered":"Privacy Policy"},"content":{"rendered":"<div data-elementor-type=\"wp-page\" data-elementor-id=\"52\" class=\"elementor elementor-52\" data-elementor-post-type=\"page\">\n\t\t\t\t<div class=\"elementor-element elementor-element-2478b8f pad-tb-m e-flex e-con-boxed e-con e-parent\" data-id=\"2478b8f\" data-element_type=\"container\">\n\t\t\t\t\t<div class=\"e-con-inner\">\n\t\t\t\t<div class=\"elementor-element elementor-element-58900cf elementor-widget elementor-widget-text-editor\" data-id=\"58900cf\" data-element_type=\"widget\" data-widget_type=\"text-editor.default\">\n\t\t\t\t\t\t\t\t\t<h1><b>Privacy Policy<\/b><\/h1><h2><b>Introduction<\/b><\/h2><p><span style=\"font-weight: 400;\">Chez Dr. Aneta Lakomska m\u00e9decin dentiste, nous prenons la protection de vos donn\u00e9es personnelles tr\u00e8s au s\u00e9rieux. Cette politique de confidentialit\u00e9 explique comment notre cabinet collecte, utilise, prot\u00e8ge et traite vos informations personnelles conform\u00e9ment au R\u00e8glement G\u00e9n\u00e9ral sur la Protection des Donn\u00e9es (RGPD) et \u00e0 la l\u00e9gislation suisse sur la protection des donn\u00e9es.<\/span><\/p><h2><b>1. Responsable du traitement des donn\u00e9es<\/b><\/h2><p><b>Dr. Aneta Lakomska m\u00e9decin dentiste<\/b><b><br \/><\/b><span style=\"font-weight: 400;\">Rue Fran\u00e7ois-Versonnex 11<\/span><span style=\"font-weight: 400;\"><br \/><\/span><span style=\"font-weight: 400;\">1207 Gen\u00e8ve<\/span><span style=\"font-weight: 400;\"><br \/><\/span><span style=\"font-weight: 400;\">Email: rodentcabinetdentaire@gmail.com<\/span><span style=\"font-weight: 400;\"><br \/><\/span><span style=\"font-weight: 400;\">T\u00e9l\u00e9phone: +41 22 736 35 75<\/span><\/p><h2><b>2. Donn\u00e9es personnelles que nous collectons<\/b><\/h2><h3><b>2.1 Via notre site web<\/b><\/h3><p><span style=\"font-weight: 400;\">Nous collectons les donn\u00e9es personnelles suivantes lorsque vous utilisez notre formulaire de contact :<\/span><\/p><ul><li style=\"font-weight: 400;\" aria-level=\"1\"><span style=\"font-weight: 400;\">Nom et pr\u00e9nom<\/span><\/li><li style=\"font-weight: 400;\" aria-level=\"1\"><span style=\"font-weight: 400;\">Adresse e-mail<\/span><\/li><li style=\"font-weight: 400;\" aria-level=\"1\"><span style=\"font-weight: 400;\">Num\u00e9ro de t\u00e9l\u00e9phone<\/span><\/li><li style=\"font-weight: 400;\" aria-level=\"1\"><span style=\"font-weight: 400;\">Toute information que vous choisissez de partager dans votre message<\/span><\/li><\/ul><h3><b>2.2 Cookies et technologies similaires<\/b><\/h3><p><span style=\"font-weight: 400;\">Notre site web utilise des cookies et des technologies similaires pour am\u00e9liorer votre exp\u00e9rience de navigation. Les cookies sont de petits fichiers texte stock\u00e9s sur votre appareil qui nous aident \u00e0 :<\/span><\/p><ul><li style=\"font-weight: 400;\" aria-level=\"1\"><span style=\"font-weight: 400;\">Assurer le bon fonctionnement de notre site web<\/span><\/li><li style=\"font-weight: 400;\" aria-level=\"1\"><span style=\"font-weight: 400;\">Am\u00e9liorer la vitesse et la s\u00e9curit\u00e9 du site<\/span><\/li><li style=\"font-weight: 400;\" aria-level=\"1\"><span style=\"font-weight: 400;\">Comprendre comment les visiteurs utilisent notre site<\/span><\/li><\/ul><p><span style=\"font-weight: 400;\">Vous pouvez configurer votre navigateur pour refuser tous les cookies ou pour vous avertir lorsqu&rsquo;un cookie est envoy\u00e9. Cependant, certaines parties de notre site peuvent ne pas fonctionner correctement si vous d\u00e9sactivez les cookies.<\/span><\/p><h2><b>3. Finalit\u00e9s du traitement des donn\u00e9es<\/b><\/h2><p><span style=\"font-weight: 400;\">Nous utilisons vos donn\u00e9es personnelles aux fins suivantes :<\/span><\/p><ul><li style=\"font-weight: 400;\" aria-level=\"1\"><span style=\"font-weight: 400;\">R\u00e9pondre \u00e0 vos demandes envoy\u00e9es via notre formulaire de contact<\/span><\/li><li style=\"font-weight: 400;\" aria-level=\"1\"><span style=\"font-weight: 400;\">Am\u00e9liorer notre site web et nos services<\/span><\/li><li style=\"font-weight: 400;\" aria-level=\"1\"><span style=\"font-weight: 400;\">Se conformer aux obligations l\u00e9gales<\/span><\/li><\/ul><h2><b>4. Base juridique du traitement des donn\u00e9es<\/b><\/h2><p><span style=\"font-weight: 400;\">Le traitement de vos donn\u00e9es personnelles est bas\u00e9 sur :<\/span><\/p><ul><li style=\"font-weight: 400;\" aria-level=\"1\"><span style=\"font-weight: 400;\">Votre consentement (lorsque vous remplissez notre formulaire de contact)<\/span><\/li><li style=\"font-weight: 400;\" aria-level=\"1\"><span style=\"font-weight: 400;\">Notre int\u00e9r\u00eat l\u00e9gitime \u00e0 r\u00e9pondre \u00e0 vos demandes et \u00e0 am\u00e9liorer nos services<\/span><\/li><li style=\"font-weight: 400;\" aria-level=\"1\"><span style=\"font-weight: 400;\">Notre obligation de respecter les exigences l\u00e9gales<\/span><\/li><\/ul><h2><b>5. Conservation des donn\u00e9es<\/b><\/h2><p><span style=\"font-weight: 400;\">Nous conservons vos donn\u00e9es personnelles aussi longtemps que n\u00e9cessaire pour atteindre les finalit\u00e9s pour lesquelles elles ont \u00e9t\u00e9 collect\u00e9es, sauf si une p\u00e9riode de conservation plus longue est requise ou autoris\u00e9e par la loi.<\/span><\/p><h2><b>6. Partage de donn\u00e9es avec des tiers<\/b><\/h2><p><span style=\"font-weight: 400;\">Nous ne vendons, n&rsquo;\u00e9changeons ni ne transf\u00e9rons vos donn\u00e9es personnelles \u00e0 des tiers sans votre consentement, sauf dans les cas suivants :<\/span><\/p><ul><li style=\"font-weight: 400;\" aria-level=\"1\"><span style=\"font-weight: 400;\">\u00c0 des prestataires de services qui nous aident \u00e0 exploiter notre site web et qui sont tenus de traiter vos donn\u00e9es de mani\u00e8re confidentielle<\/span><\/li><li style=\"font-weight: 400;\" aria-level=\"1\"><span style=\"font-weight: 400;\">Pour respecter la loi, appliquer nos politiques ou prot\u00e9ger nos droits ou ceux d&rsquo;autrui<\/span><\/li><\/ul><h3><b>6.1 Syst\u00e8me de rendez-vous en ligne<\/b><\/h3><p><span style=\"font-weight: 400;\">Veuillez noter que notre syst\u00e8me de prise de rendez-vous en ligne est g\u00e9r\u00e9 par un fournisseur tiers. Lorsque vous utilisez ce service, vos donn\u00e9es sont collect\u00e9es et trait\u00e9es conform\u00e9ment \u00e0 leur propre politique de confidentialit\u00e9. Nous vous encourageons \u00e0 consulter leur politique de confidentialit\u00e9 pour comprendre comment vos donn\u00e9es sont trait\u00e9es.<\/span><\/p><h2><b>7. S\u00e9curit\u00e9 des donn\u00e9es<\/b><\/h2><p><span style=\"font-weight: 400;\">Nous mettons en \u0153uvre des mesures de s\u00e9curit\u00e9 techniques et organisationnelles appropri\u00e9es pour prot\u00e9ger vos donn\u00e9es personnelles contre la perte, l&rsquo;acc\u00e8s non autoris\u00e9, la divulgation, l&rsquo;alt\u00e9ration ou la destruction.<\/span><\/p><h2><b>8. Transferts internationaux de donn\u00e9es<\/b><\/h2><p><span style=\"font-weight: 400;\">Vos donn\u00e9es sont stock\u00e9es en Suisse. Nous ne transf\u00e9rons pas vos donn\u00e9es personnelles en dehors de la Suisse ou de l&rsquo;Espace \u00e9conomique europ\u00e9en, sauf si des garanties appropri\u00e9es sont en place conform\u00e9ment aux lois sur la protection des donn\u00e9es.<\/span><\/p><h2><b>9. Vos droits<\/b><\/h2><p><span style=\"font-weight: 400;\">En vertu du RGPD et de la l\u00e9gislation suisse sur la protection des donn\u00e9es, vous disposez des droits suivants :<\/span><\/p><ul><li style=\"font-weight: 400;\" aria-level=\"1\"><span style=\"font-weight: 400;\">Droit d&rsquo;acc\u00e8s \u00e0 vos donn\u00e9es personnelles<\/span><\/li><li style=\"font-weight: 400;\" aria-level=\"1\"><span style=\"font-weight: 400;\">Droit de rectification des donn\u00e9es inexactes<\/span><\/li><li style=\"font-weight: 400;\" aria-level=\"1\"><span style=\"font-weight: 400;\">Droit \u00e0 l&rsquo;effacement de vos donn\u00e9es dans certaines circonstances<\/span><\/li><li style=\"font-weight: 400;\" aria-level=\"1\"><span style=\"font-weight: 400;\">Droit de limiter le traitement de vos donn\u00e9es<\/span><\/li><li style=\"font-weight: 400;\" aria-level=\"1\"><span style=\"font-weight: 400;\">Droit \u00e0 la portabilit\u00e9 des donn\u00e9es<\/span><\/li><li style=\"font-weight: 400;\" aria-level=\"1\"><span style=\"font-weight: 400;\">Droit de vous opposer au traitement de vos donn\u00e9es<\/span><\/li><li style=\"font-weight: 400;\" aria-level=\"1\"><span style=\"font-weight: 400;\">Droit de ne pas faire l&rsquo;objet d&rsquo;une d\u00e9cision fond\u00e9e uniquement sur un traitement automatis\u00e9<\/span><\/li><li style=\"font-weight: 400;\" aria-level=\"1\"><span style=\"font-weight: 400;\">Droit de retirer votre consentement \u00e0 tout moment<\/span><\/li><\/ul><p><span style=\"font-weight: 400;\">Pour exercer l&rsquo;un de ces droits, veuillez nous contacter aux coordonn\u00e9es indiqu\u00e9es ci-dessus.<\/span><\/p><h2><b>10. Modifications de notre politique de confidentialit\u00e9<\/b><\/h2><p><span style=\"font-weight: 400;\">Nous pouvons mettre \u00e0 jour cette politique de confidentialit\u00e9 de temps \u00e0 autre. Toute modification sera publi\u00e9e sur cette page avec une date de r\u00e9vision mise \u00e0 jour. Nous vous encourageons \u00e0 consulter r\u00e9guli\u00e8rement cette politique pour rester inform\u00e9 des mises \u00e0 jour.<\/span><\/p><h2><b>11. Comment nous contacter<\/b><\/h2><p><span style=\"font-weight: 400;\">Si vous avez des questions concernant cette politique de confidentialit\u00e9 ou la mani\u00e8re dont nous traitons vos donn\u00e9es personnelles, veuillez nous contacter :<\/span><\/p><p><b>Dr. Aneta Lakomska m\u00e9decin dentiste<\/b><b><br \/><\/b><span style=\"font-weight: 400;\">Rue Fran\u00e7ois-Versonnex 11<\/span><span style=\"font-weight: 400;\"><br \/><\/span><span style=\"font-weight: 400;\">1207 Gen\u00e8ve<\/span><span style=\"font-weight: 400;\"><br \/><\/span><span style=\"font-weight: 400;\">Email: rodentcabinetdentaire@gmail.com<\/span><span style=\"font-weight: 400;\"><br \/><\/span><span style=\"font-weight: 400;\">T\u00e9l\u00e9phone: +41 22 736 35 75<\/span><\/p><h2><b>12. Autorit\u00e9 de contr\u00f4le<\/b><\/h2><p><span style=\"font-weight: 400;\">Vous avez le droit de d\u00e9poser une plainte aupr\u00e8s de l&rsquo;autorit\u00e9 de contr\u00f4le comp\u00e9tente, en Suisse, le Pr\u00e9pos\u00e9 f\u00e9d\u00e9ral \u00e0 la protection des donn\u00e9es et \u00e0 la transparence (PFPDT).<\/span><\/p><p><span style=\"font-weight: 400;\">Date de derni\u00e8re mise \u00e0 jour : [INS\u00c9RER DATE]<\/span><\/p><p><br \/><br \/><\/p>\t\t\t\t\t\t\t\t<\/div>\n\t\t\t\t\t<\/div>\n\t\t\t\t<\/div>\n\t\t\t\t<\/div>","protected":false},"excerpt":{"rendered":"<p>Politique de Confidentialit\u00e9 Introduction Chez Dr. Aneta Lakomska m\u00e9decin dentiste, nous prenons la protection de vos donn\u00e9es personnelles tr\u00e8s au s\u00e9rieux. Cette politique de confidentialit\u00e9 explique comment notre cabinet collecte, utilise, prot\u00e8ge et traite vos informations personnelles conform\u00e9ment au R\u00e8glement G\u00e9n\u00e9ral sur la Protection des Donn\u00e9es (RGPD) et \u00e0 la l\u00e9gislation suisse sur la protection [&hellip;]<\/p>","protected":false},"author":1,"featured_media":0,"parent":0,"menu_order":0,"comment_status":"closed","ping_status":"closed","template":"","meta":{"footnotes":""},"class_list":["post-52","page","type-page","status-publish","hentry"],"_links":{"self":[{"href":"https:\/\/rodental.ch\/en\/wp-json\/wp\/v2\/pages\/52","targetHints":{"allow":["GET"]}}],"collection":[{"href":"https:\/\/rodental.ch\/en\/wp-json\/wp\/v2\/pages"}],"about":[{"href":"https:\/\/rodental.ch\/en\/wp-json\/wp\/v2\/types\/page"}],"author":[{"embeddable":true,"href":"https:\/\/rodental.ch\/en\/wp-json\/wp\/v2\/users\/1"}],"replies":[{"embeddable":true,"href":"https:\/\/rodental.ch\/en\/wp-json\/wp\/v2\/comments?post=52"}],"version-history":[{"count":3,"href":"https:\/\/rodental.ch\/en\/wp-json\/wp\/v2\/pages\/52\/revisions"}],"predecessor-version":[{"id":137,"href":"https:\/\/rodental.ch\/en\/wp-json\/wp\/v2\/pages\/52\/revisions\/137"}],"wp:attachment":[{"href":"https:\/\/rodental.ch\/en\/wp-json\/wp\/v2\/media?parent=52"}],"curies":[{"name":"wp","href":"https:\/\/api.w.org\/{rel}","templated":true}]}}