{"id":54,"date":"2025-05-11T18:33:43","date_gmt":"2025-05-11T16:33:43","guid":{"rendered":"https:\/\/hotelartemis.best\/?page_id=54"},"modified":"2025-05-19T20:23:31","modified_gmt":"2025-05-19T18:23:31","slug":"conditions-dutilisation","status":"publish","type":"page","link":"https:\/\/rodental.ch\/en\/conditions-dutilisation\/","title":{"rendered":"Conditions d&rsquo;Utilisation"},"content":{"rendered":"<div data-elementor-type=\"wp-page\" data-elementor-id=\"54\" class=\"elementor elementor-54\" data-elementor-post-type=\"page\">\n\t\t\t\t<div class=\"elementor-element elementor-element-2fb2994 pad-tb-m e-flex e-con-boxed e-con e-parent\" data-id=\"2fb2994\" data-element_type=\"container\">\n\t\t\t\t\t<div class=\"e-con-inner\">\n\t\t\t\t<div class=\"elementor-element elementor-element-50f30a1 elementor-widget elementor-widget-text-editor\" data-id=\"50f30a1\" data-element_type=\"widget\" data-widget_type=\"text-editor.default\">\n\t\t\t\t\t\t\t\t\t<h1><b>Conditions G\u00e9n\u00e9rales d&rsquo;Utilisation<\/b><\/h1><h2><b>1. Introduction<\/b><\/h2><p><span style=\"font-weight: 400;\">Bienvenue sur le site web de Dr. Aneta Lakomska m\u00e9decin dentiste (\u00ab\u00a0nous\u00a0\u00bb, \u00ab\u00a0notre\u00a0\u00bb, \u00ab\u00a0nos\u00a0\u00bb). Les pr\u00e9sentes conditions g\u00e9n\u00e9rales d&rsquo;utilisation r\u00e9gissent votre utilisation de notre site web accessible \u00e0 l&rsquo;adresse [www.exemple.com] (le \u00ab\u00a0Site\u00a0\u00bb).<\/span><\/p><p><span style=\"font-weight: 400;\">En acc\u00e9dant \u00e0 ou en utilisant notre Site, vous acceptez d&rsquo;\u00eatre li\u00e9 par les pr\u00e9sentes conditions d&rsquo;utilisation. Si vous n&rsquo;acceptez pas ces conditions, veuillez ne pas utiliser notre Site.<\/span><\/p><h2><b>2. Coordonn\u00e9es<\/b><\/h2><p><b>Dr. Aneta Lakomska m\u00e9decin dentiste<\/b><b><br \/><\/b><span style=\"font-weight: 400;\">Rue Fran\u00e7ois-Versonnex 11<\/span><span style=\"font-weight: 400;\"><br \/><\/span><span style=\"font-weight: 400;\">1207 Gen\u00e8ve<\/span><span style=\"font-weight: 400;\"><br \/><\/span><span style=\"font-weight: 400;\">Email: rodentcabinetdentaire@gmail.com<\/span><span style=\"font-weight: 400;\"><br \/><\/span><span style=\"font-weight: 400;\">T\u00e9l\u00e9phone: +41 22 736 35 75<\/span><\/p><h2><b>3. Utilisation du Site<\/b><\/h2><h3><b>3.1 Licence d&rsquo;utilisation<\/b><\/h3><p><span style=\"font-weight: 400;\">Nous vous accordons une licence limit\u00e9e, non exclusive, non transf\u00e9rable et r\u00e9vocable pour acc\u00e9der et utiliser notre Site \u00e0 des fins personnelles et non commerciales.<\/span><\/p><h3><b>3.2 Restrictions d&rsquo;utilisation<\/b><\/h3><p><span style=\"font-weight: 400;\">Vous acceptez de ne pas :<\/span><\/p><ul><li style=\"font-weight: 400;\" aria-level=\"1\"><span style=\"font-weight: 400;\">Utiliser notre Site d&rsquo;une mani\u00e8re qui pourrait d\u00e9sactiver, surcharger, endommager ou alt\u00e9rer son fonctionnement<\/span><\/li><li style=\"font-weight: 400;\" aria-level=\"1\"><span style=\"font-weight: 400;\">Acc\u00e9der ou tenter d&rsquo;acc\u00e9der \u00e0 des zones du Site ou \u00e0 nos syst\u00e8mes informatiques qui ne sont pas destin\u00e9s \u00e0 \u00eatre accessibles au public<\/span><\/li><li style=\"font-weight: 400;\" aria-level=\"1\"><span style=\"font-weight: 400;\">Contourner les mesures que nous pouvons utiliser pour emp\u00eacher ou restreindre l&rsquo;acc\u00e8s \u00e0 notre Site<\/span><\/li><li style=\"font-weight: 400;\" aria-level=\"1\"><span style=\"font-weight: 400;\">Collecter ou recueillir des informations sur d&rsquo;autres utilisateurs du Site<\/span><\/li><li style=\"font-weight: 400;\" aria-level=\"1\"><span style=\"font-weight: 400;\">Utiliser des robots, des scrapers ou d&rsquo;autres moyens automatis\u00e9s pour acc\u00e9der \u00e0 notre Site<\/span><\/li><li style=\"font-weight: 400;\" aria-level=\"1\"><span style=\"font-weight: 400;\">Introduire des virus, chevaux de Troie, vers, bombes logiques ou autres mat\u00e9riels malveillants ou technologiquement nuisibles<\/span><\/li><li style=\"font-weight: 400;\" aria-level=\"1\"><span style=\"font-weight: 400;\">Utiliser notre Site \u00e0 des fins ill\u00e9gales ou non autoris\u00e9es<\/span><\/li><\/ul><h2><b>4. Informations m\u00e9dicales et dentaires<\/b><\/h2><h3><b>4.1 Informations g\u00e9n\u00e9rales<\/b><\/h3><p><span style=\"font-weight: 400;\">Les informations m\u00e9dicales et dentaires pr\u00e9sent\u00e9es sur notre Site sont fournies \u00e0 titre informatif uniquement et ne constituent pas un avis m\u00e9dical professionnel, un diagnostic ou un traitement. Ces informations ne remplacent en aucun cas une consultation avec un professionnel de la sant\u00e9 qualifi\u00e9.<\/span><\/p><h3><b>4.2 Urgences m\u00e9dicales<\/b><\/h3><p><span style=\"font-weight: 400;\">En cas d&rsquo;urgence m\u00e9dicale ou dentaire, veuillez contacter imm\u00e9diatement les services d&rsquo;urgence appropri\u00e9s ou vous rendre au service d&rsquo;urgence le plus proche.<\/span><\/p><h2><b>5. Propri\u00e9t\u00e9 intellectuelle<\/b><\/h2><h3><b>5.1 Droits d&rsquo;auteur<\/b><\/h3><p><span style=\"font-weight: 400;\">Tout le contenu publi\u00e9 sur ce Site, y compris, mais sans s&rsquo;y limiter, les textes, graphiques, logos, ic\u00f4nes, images, clips audio, t\u00e9l\u00e9chargements num\u00e9riques et compilations de donn\u00e9es, est la propri\u00e9t\u00e9 de Dr. Aneta Lakomska m\u00e9decin dentiste ou de ses fournisseurs de contenu et est prot\u00e9g\u00e9 par les lois suisses et internationales sur le droit d&rsquo;auteur.<\/span><\/p><h3><b>5.2 Marques<\/b><\/h3><p><span style=\"font-weight: 400;\">Toutes les marques, logos, noms de services et noms commerciaux affich\u00e9s sur notre Site sont la propri\u00e9t\u00e9 de leurs d\u00e9tenteurs respectifs.<\/span><\/p><h3><b>5.3 Utilisation du contenu<\/b><\/h3><p><span style=\"font-weight: 400;\">Vous ne pouvez pas reproduire, distribuer, modifier, cr\u00e9er des \u0153uvres d\u00e9riv\u00e9es, afficher publiquement, ex\u00e9cuter publiquement, republier, t\u00e9l\u00e9charger, stocker ou transmettre tout mat\u00e9riel de notre Site, sauf :<\/span><\/p><ul><li style=\"font-weight: 400;\" aria-level=\"1\"><span style=\"font-weight: 400;\">Vous pouvez stocker temporairement des copies de tels mat\u00e9riaux dans la m\u00e9moire RAM de votre ordinateur lorsque vous acc\u00e9dez et consultez ces mat\u00e9riaux<\/span><\/li><li style=\"font-weight: 400;\" aria-level=\"1\"><span style=\"font-weight: 400;\">Vous pouvez stocker des fichiers qui sont automatiquement mis en cache par votre navigateur Web pour am\u00e9liorer l&rsquo;affichage<\/span><\/li><li style=\"font-weight: 400;\" aria-level=\"1\"><span style=\"font-weight: 400;\">Si nous fournissons des boutons de t\u00e9l\u00e9chargement ou de partage de r\u00e9seaux sociaux, vous pouvez prendre une seule copie de mat\u00e9riaux sp\u00e9cifiquement identifi\u00e9s comme disponibles pour le t\u00e9l\u00e9chargement uniquement pour votre usage personnel, non commercial, et vous ne pouvez pas les redistribuer<\/span><\/li><\/ul><h2><b>6. Liens vers d&rsquo;autres sites<\/b><\/h2><p><span style=\"font-weight: 400;\">Notre Site peut contenir des liens vers des sites web de tiers qui ne sont ni d\u00e9tenus ni contr\u00f4l\u00e9s par Dr. Aneta Lakomska m\u00e9decin dentiste. Nous n&rsquo;avons aucun contr\u00f4le sur et n&rsquo;assumons aucune responsabilit\u00e9 pour le contenu, les politiques de confidentialit\u00e9 ou les pratiques des sites web de tiers. Nous ne pouvons pas censurer ou \u00e9diter le contenu des sites tiers.<\/span><\/p><p><span style=\"font-weight: 400;\">Vous reconnaissez et acceptez que nous ne serons pas responsables, directement ou indirectement, de tout dommage ou perte caus\u00e9 ou pr\u00e9tendument caus\u00e9 par ou en relation avec l&rsquo;utilisation de ou la confiance accord\u00e9e \u00e0 tout contenu, biens ou services disponibles sur ou via de tels sites web.<\/span><\/p><h2><b>7. Syst\u00e8me de rendez-vous en ligne<\/b><\/h2><p><span style=\"font-weight: 400;\">Notre Site peut vous permettre d&rsquo;acc\u00e9der \u00e0 un syst\u00e8me de prise de rendez-vous en ligne exploit\u00e9 par un fournisseur tiers. L&rsquo;utilisation de ce syst\u00e8me est soumise aux conditions d&rsquo;utilisation et \u00e0 la politique de confidentialit\u00e9 de ce fournisseur. Nous vous encourageons \u00e0 les lire attentivement avant d&rsquo;utiliser ce service.<\/span><\/p><h2><b>8. Limitation de responsabilit\u00e9<\/b><\/h2><p><span style=\"font-weight: 400;\">Dans toute la mesure permise par la loi applicable, Dr. Aneta Lakomska m\u00e9decin dentiste ne sera pas responsable des dommages directs, indirects, sp\u00e9ciaux, accidentels, cons\u00e9cutifs ou punitifs, y compris, mais sans s&rsquo;y limiter, la perte de profits, de donn\u00e9es, d&rsquo;utilisation, de bonne volont\u00e9 ou d&rsquo;autres pertes intangibles, r\u00e9sultant de :<\/span><\/p><ul><li style=\"font-weight: 400;\" aria-level=\"1\"><span style=\"font-weight: 400;\">Votre utilisation ou votre incapacit\u00e9 \u00e0 utiliser notre Site<\/span><\/li><li style=\"font-weight: 400;\" aria-level=\"1\"><span style=\"font-weight: 400;\">Tout acc\u00e8s non autoris\u00e9 \u00e0 ou utilisation de nos serveurs s\u00e9curis\u00e9s et\/ou toute information personnelle qui y est stock\u00e9e<\/span><\/li><li style=\"font-weight: 400;\" aria-level=\"1\"><span style=\"font-weight: 400;\">Toute interruption ou cessation de transmission vers ou depuis notre Site<\/span><\/li><li style=\"font-weight: 400;\" aria-level=\"1\"><span style=\"font-weight: 400;\">Toute erreur, inexactitude ou omission dans le contenu de notre Site<\/span><\/li><li style=\"font-weight: 400;\" aria-level=\"1\"><span style=\"font-weight: 400;\">Tout virus, cheval de Troie, ou similaire qui peut \u00eatre transmis \u00e0 ou par notre Site<\/span><\/li><\/ul><h2><b>9. Indemnisation<\/b><\/h2><p><span style=\"font-weight: 400;\">Vous acceptez de d\u00e9fendre, indemniser et tenir hors de cause Dr. Aneta Lakomska m\u00e9decin dentiste, ses dirigeants, administrateurs, employ\u00e9s et agents contre toute r\u00e9clamation, dommage, obligation, perte, responsabilit\u00e9, co\u00fbt ou dette, et d\u00e9pense (y compris, mais sans s&rsquo;y limiter, les honoraires d&rsquo;avocat) d\u00e9coulant de : (i) votre utilisation de et acc\u00e8s \u00e0 notre Site; (ii) votre violation de toute disposition des pr\u00e9sentes Conditions d&rsquo;utilisation; (iii) votre violation de tout droit de tiers, y compris, sans limitation, tout droit d&rsquo;auteur, de propri\u00e9t\u00e9 ou de confidentialit\u00e9.<\/span><\/p><h2><b>10. Modifications des Conditions<\/b><\/h2><p><span style=\"font-weight: 400;\">Nous nous r\u00e9servons le droit, \u00e0 notre seule discr\u00e9tion, de modifier ou remplacer ces conditions \u00e0 tout moment. Si une r\u00e9vision est importante, nous essaierons de fournir un pr\u00e9avis d&rsquo;au moins 30 jours avant que les nouvelles conditions ne prennent effet. Ce qui constitue un changement important sera d\u00e9termin\u00e9 \u00e0 notre seule discr\u00e9tion.<\/span><\/p><p><span style=\"font-weight: 400;\">En continuant \u00e0 acc\u00e9der \u00e0 ou \u00e0 utiliser notre Site apr\u00e8s l&rsquo;entr\u00e9e en vigueur de ces r\u00e9visions, vous acceptez d&rsquo;\u00eatre li\u00e9 par les conditions r\u00e9vis\u00e9es. Si vous n&rsquo;acceptez pas les nouvelles conditions, veuillez cesser d&rsquo;utiliser notre Site.<\/span><\/p><h2><b>11. Droit applicable et juridiction<\/b><\/h2><p><span style=\"font-weight: 400;\">Les pr\u00e9sentes Conditions d&rsquo;utilisation et tout litige ou r\u00e9clamation (y compris les litiges ou r\u00e9clamations non contractuels) d\u00e9coulant de ou en relation avec elles ou leur objet ou leur formation seront r\u00e9gis et interpr\u00e9t\u00e9s conform\u00e9ment au droit suisse.<\/span><\/p><p><span style=\"font-weight: 400;\">Les tribunaux de Gen\u00e8ve, Suisse, auront comp\u00e9tence exclusive pour r\u00e9soudre tout litige ou r\u00e9clamation (y compris les litiges ou r\u00e9clamations non contractuels) d\u00e9coulant de ou en relation avec les pr\u00e9sentes Conditions d&rsquo;utilisation ou leur objet ou leur formation.<\/span><\/p><h2><b>12. Divisibilit\u00e9<\/b><\/h2><p><span style=\"font-weight: 400;\">Si une disposition des pr\u00e9sentes Conditions d&rsquo;utilisation est jug\u00e9e ill\u00e9gale, nulle ou inapplicable pour quelque raison que ce soit, cette disposition sera limit\u00e9e ou \u00e9limin\u00e9e des pr\u00e9sentes Conditions d&rsquo;utilisation dans la mesure minimale n\u00e9cessaire, et les autres dispositions des pr\u00e9sentes Conditions d&rsquo;utilisation resteront pleinement en vigueur.<\/span><\/p><h2><b>13. Int\u00e9gralit\u00e9 de l&rsquo;accord<\/b><\/h2><p><span style=\"font-weight: 400;\">Les pr\u00e9sentes Conditions d&rsquo;utilisation, ainsi que notre Politique de Confidentialit\u00e9 et notre Politique relative aux Cookies, constituent l&rsquo;int\u00e9gralit\u00e9 de l&rsquo;accord entre vous et Dr. Aneta Lakomska m\u00e9decin dentiste concernant votre utilisation de notre Site et remplacent tous les accords ant\u00e9rieurs et contemporains, communications et propositions, qu&rsquo;ils soient oraux ou \u00e9crits, entre vous et nous.<\/span><\/p><p><span style=\"font-weight: 400;\">Date de derni\u00e8re mise \u00e0 jour : [INS\u00c9RER DATE<\/span><\/p>\t\t\t\t\t\t\t\t<\/div>\n\t\t\t\t\t<\/div>\n\t\t\t\t<\/div>\n\t\t\t\t<\/div>","protected":false},"excerpt":{"rendered":"<p>Conditions G\u00e9n\u00e9rales d&rsquo;Utilisation 1. Introduction Bienvenue sur le site web de Dr. Aneta Lakomska m\u00e9decin dentiste (\u00ab\u00a0nous\u00a0\u00bb, \u00ab\u00a0notre\u00a0\u00bb, \u00ab\u00a0nos\u00a0\u00bb). Les pr\u00e9sentes conditions g\u00e9n\u00e9rales d&rsquo;utilisation r\u00e9gissent votre utilisation de notre site web accessible \u00e0 l&rsquo;adresse [www.exemple.com] (le \u00ab\u00a0Site\u00a0\u00bb). En acc\u00e9dant \u00e0 ou en utilisant notre Site, vous acceptez d&rsquo;\u00eatre li\u00e9 par les pr\u00e9sentes conditions d&rsquo;utilisation. Si [&hellip;]<\/p>","protected":false},"author":1,"featured_media":0,"parent":0,"menu_order":0,"comment_status":"closed","ping_status":"closed","template":"","meta":{"footnotes":""},"class_list":["post-54","page","type-page","status-publish","hentry"],"_links":{"self":[{"href":"https:\/\/rodental.ch\/en\/wp-json\/wp\/v2\/pages\/54","targetHints":{"allow":["GET"]}}],"collection":[{"href":"https:\/\/rodental.ch\/en\/wp-json\/wp\/v2\/pages"}],"about":[{"href":"https:\/\/rodental.ch\/en\/wp-json\/wp\/v2\/types\/page"}],"author":[{"embeddable":true,"href":"https:\/\/rodental.ch\/en\/wp-json\/wp\/v2\/users\/1"}],"replies":[{"embeddable":true,"href":"https:\/\/rodental.ch\/en\/wp-json\/wp\/v2\/comments?post=54"}],"version-history":[{"count":3,"href":"https:\/\/rodental.ch\/en\/wp-json\/wp\/v2\/pages\/54\/revisions"}],"predecessor-version":[{"id":143,"href":"https:\/\/rodental.ch\/en\/wp-json\/wp\/v2\/pages\/54\/revisions\/143"}],"wp:attachment":[{"href":"https:\/\/rodental.ch\/en\/wp-json\/wp\/v2\/media?parent=54"}],"curies":[{"name":"wp","href":"https:\/\/api.w.org\/{rel}","templated":true}]}}