{"id":69,"date":"2025-05-11T21:02:36","date_gmt":"2025-05-11T19:02:36","guid":{"rendered":"https:\/\/hotelartemis.best\/?page_id=69"},"modified":"2025-05-19T20:21:05","modified_gmt":"2025-05-19T18:21:05","slug":"politique-de-cookies","status":"publish","type":"page","link":"https:\/\/rodental.ch\/en\/politique-de-cookies\/","title":{"rendered":"Cookie Policy"},"content":{"rendered":"<div data-elementor-type=\"wp-page\" data-elementor-id=\"69\" class=\"elementor elementor-69\" data-elementor-post-type=\"page\">\n\t\t\t\t<div class=\"elementor-element elementor-element-565ae21 pad-tb-m e-flex e-con-boxed e-con e-parent\" data-id=\"565ae21\" data-element_type=\"container\">\n\t\t\t\t\t<div class=\"e-con-inner\">\n\t\t\t\t<div class=\"elementor-element elementor-element-3b8027e elementor-widget elementor-widget-text-editor\" data-id=\"3b8027e\" data-element_type=\"widget\" data-widget_type=\"text-editor.default\">\n\t\t\t\t\t\t\t\t\t<h1><b>Politique relative aux Cookies<\/b><\/h1><h2><b>Introduction<\/b><\/h2><p><span style=\"font-weight: 400;\">Cette politique relative aux cookies explique comment Dr. Aneta Lakomska m\u00e9decin dentiste utilise les cookies et technologies similaires sur notre site web. Nous vous recommandons de lire attentivement ce document pour comprendre quels types de cookies nous utilisons, les informations que nous collectons et comment ces informations sont utilis\u00e9es.<\/span><\/p><h2><b>1. Qu&rsquo;est-ce qu&rsquo;un cookie ?<\/b><\/h2><p><span style=\"font-weight: 400;\">Un cookie est un petit fichier texte plac\u00e9 sur votre ordinateur, tablette, t\u00e9l\u00e9phone mobile ou autre appareil lorsque vous visitez un site web. Les cookies sont largement utilis\u00e9s pour permettre aux sites web de fonctionner efficacement, am\u00e9liorer l&rsquo;exp\u00e9rience de l&rsquo;utilisateur, et fournir certaines fonctionnalit\u00e9s.<\/span><\/p><p><span style=\"font-weight: 400;\">Les cookies peuvent \u00eatre \u00ab\u00a0persistants\u00a0\u00bb ou \u00ab\u00a0de session\u00a0\u00bb. Les cookies persistants restent sur votre appareil pendant une p\u00e9riode d\u00e9finie dans le cookie, tandis que les cookies de session sont supprim\u00e9s d\u00e8s que vous fermez votre navigateur.<\/span><\/p><h2><b>2. Types de cookies que nous utilisons<\/b><\/h2><h3><b>2.1 Cookies essentiels (ou strictement n\u00e9cessaires)<\/b><\/h3><p><span style=\"font-weight: 400;\">Ces cookies sont indispensables au fonctionnement de notre site web. Ils vous permettent de naviguer sur notre site et d&rsquo;utiliser ses fonctionnalit\u00e9s. Sans ces cookies, certains services que vous avez demand\u00e9s ne peuvent pas \u00eatre fournis.<\/span><\/p><h3><b>2.2 Cookies fonctionnels<\/b><\/h3><p><span style=\"font-weight: 400;\">Ces cookies permettent \u00e0 notre site web de se souvenir des choix que vous avez faits (comme votre nom d&rsquo;utilisateur, votre langue ou la r\u00e9gion dans laquelle vous vous trouvez) et fournissent des fonctionnalit\u00e9s am\u00e9lior\u00e9es et plus personnalis\u00e9es. Ces cookies peuvent \u00e9galement \u00eatre utilis\u00e9s pour m\u00e9moriser les changements que vous avez apport\u00e9s \u00e0 la taille du texte, aux polices et \u00e0 d&rsquo;autres parties des pages web que vous pouvez personnaliser.<\/span><\/p><h3><b>2.3 Cookies de performance et d&rsquo;analyse<\/b><\/h3><p><span style=\"font-weight: 400;\">Ces cookies nous permettent de compter les visites et les sources de trafic afin que nous puissions mesurer et am\u00e9liorer les performances de notre site. Ils nous aident \u00e0 savoir quelles pages sont les plus et les moins populaires et \u00e0 voir comment les visiteurs se d\u00e9placent sur le site. Toutes les informations recueillies par ces cookies sont agr\u00e9g\u00e9es et donc anonymes.<\/span><\/p><h2><b>3. Cookies tiers<\/b><\/h2><p><span style=\"font-weight: 400;\">Notre site web peut contenir des contenus et services fournis par des tiers, comme YouTube ou Vimeo, qui peuvent placer leurs propres cookies sur votre appareil. Nous n&rsquo;avons pas acc\u00e8s aux cookies plac\u00e9s par ces services tiers.<\/span><\/p><p><span style=\"font-weight: 400;\">Veuillez noter que notre syst\u00e8me de prise de rendez-vous en ligne est g\u00e9r\u00e9 par un fournisseur tiers qui peut utiliser ses propres cookies lorsque vous interagissez avec ce service. Nous vous encourageons \u00e0 consulter leur politique de confidentialit\u00e9 pour comprendre comment ils utilisent les cookies.<\/span><\/p><h2><b>4. Gestion des cookies<\/b><\/h2><p><span style=\"font-weight: 400;\">La plupart des navigateurs web permettent un certain contr\u00f4le de la plupart des cookies via les param\u00e8tres du navigateur. Vous pouvez g\u00e9n\u00e9ralement :<\/span><\/p><ul><li style=\"font-weight: 400;\" aria-level=\"1\"><span style=\"font-weight: 400;\">Consulter les cookies stock\u00e9s sur votre appareil<\/span><\/li><li style=\"font-weight: 400;\" aria-level=\"1\"><span style=\"font-weight: 400;\">Autoriser ou bloquer les cookies<\/span><\/li><li style=\"font-weight: 400;\" aria-level=\"1\"><span style=\"font-weight: 400;\">Supprimer tous les cookies ou certains cookies sp\u00e9cifiques<\/span><\/li><li style=\"font-weight: 400;\" aria-level=\"1\"><span style=\"font-weight: 400;\">Bloquer les cookies tiers<\/span><\/li><li style=\"font-weight: 400;\" aria-level=\"1\"><span style=\"font-weight: 400;\">Bloquer les cookies de sites sp\u00e9cifiques<\/span><\/li><li style=\"font-weight: 400;\" aria-level=\"1\"><span style=\"font-weight: 400;\">Bloquer tous les cookies<\/span><\/li><\/ul><p><span style=\"font-weight: 400;\">Voici comment g\u00e9rer les cookies dans les principaux navigateurs :<\/span><\/p><ul><li style=\"font-weight: 400;\" aria-level=\"1\"><b>Chrome<\/b><span style=\"font-weight: 400;\">: Menu &gt; Param\u00e8tres &gt; Afficher les param\u00e8tres avanc\u00e9s &gt; Confidentialit\u00e9 &gt; Param\u00e8tres de contenu<\/span><\/li><li style=\"font-weight: 400;\" aria-level=\"1\"><b>Firefox<\/b><span style=\"font-weight: 400;\">: Menu &gt; Options &gt; Vie priv\u00e9e &gt; Historique &gt; Param\u00e8tres personnalis\u00e9s<\/span><\/li><li style=\"font-weight: 400;\" aria-level=\"1\"><b>Internet Explorer<\/b><span style=\"font-weight: 400;\">: Menu &gt; Options Internet &gt; Confidentialit\u00e9<\/span><\/li><li style=\"font-weight: 400;\" aria-level=\"1\"><b>Safari<\/b><span style=\"font-weight: 400;\">: Pr\u00e9f\u00e9rences &gt; Confidentialit\u00e9<\/span><\/li><li style=\"font-weight: 400;\" aria-level=\"1\"><b>Edge<\/b><span style=\"font-weight: 400;\">: Menu &gt; Param\u00e8tres &gt; Afficher les param\u00e8tres avanc\u00e9s &gt; Confidentialit\u00e9 et services<\/span><\/li><\/ul><p><span style=\"font-weight: 400;\">Veuillez noter que la restriction des cookies peut avoir un impact sur la fonctionnalit\u00e9 de notre site web.<\/span><\/p><h2><b>5. Consentement aux cookies<\/b><\/h2><p><span style=\"font-weight: 400;\">Lors de votre premi\u00e8re visite sur notre site web, il vous sera demand\u00e9 si vous acceptez l&rsquo;utilisation de cookies. Vous pouvez choisir d&rsquo;accepter tous les cookies ou de personnaliser vos pr\u00e9f\u00e9rences. Vous pouvez modifier vos pr\u00e9f\u00e9rences \u00e0 tout moment en utilisant notre banni\u00e8re de cookies ou en modifiant les param\u00e8tres de votre navigateur.<\/span><\/p><h2><b>6. Modifications de notre politique relative aux cookies<\/b><\/h2><p><span style=\"font-weight: 400;\">Nous nous r\u00e9servons le droit de modifier cette politique \u00e0 tout moment. Toute modification sera publi\u00e9e sur cette page. Nous vous encourageons \u00e0 consulter r\u00e9guli\u00e8rement cette politique pour rester inform\u00e9 des mises \u00e0 jour.<\/span><\/p><h2><b>7. Comment nous contacter<\/b><\/h2><p><span style=\"font-weight: 400;\">Si vous avez des questions concernant notre utilisation des cookies, veuillez nous contacter :<\/span><\/p><p><b>Dr. Aneta Lakomska m\u00e9decin dentiste<\/b><b><br \/><\/b><span style=\"font-weight: 400;\">Rue Fran\u00e7ois-Versonnex 11<\/span><span style=\"font-weight: 400;\"><br \/><\/span><span style=\"font-weight: 400;\">1207 Gen\u00e8ve<\/span><span style=\"font-weight: 400;\"><br \/><\/span><span style=\"font-weight: 400;\">Email: rodentcabinetdentaire@gmail.com<\/span><span style=\"font-weight: 400;\"><br \/><\/span><span style=\"font-weight: 400;\">T\u00e9l\u00e9phone: +41 22 736 35 75<\/span><\/p><p><span style=\"font-weight: 400;\">Date de derni\u00e8re mise \u00e0 jour : [INS\u00c9RER DATE<\/span><\/p>\t\t\t\t\t\t\t\t<\/div>\n\t\t\t\t\t<\/div>\n\t\t\t\t<\/div>\n\t\t\t\t<\/div>","protected":false},"excerpt":{"rendered":"<p>Politique relative aux Cookies Introduction Cette politique relative aux cookies explique comment Dr. Aneta Lakomska m\u00e9decin dentiste utilise les cookies et technologies similaires sur notre site web. Nous vous recommandons de lire attentivement ce document pour comprendre quels types de cookies nous utilisons, les informations que nous collectons et comment ces informations sont utilis\u00e9es. 1. [&hellip;]<\/p>","protected":false},"author":1,"featured_media":0,"parent":0,"menu_order":0,"comment_status":"closed","ping_status":"closed","template":"","meta":{"footnotes":""},"class_list":["post-69","page","type-page","status-publish","hentry"],"_links":{"self":[{"href":"https:\/\/rodental.ch\/en\/wp-json\/wp\/v2\/pages\/69","targetHints":{"allow":["GET"]}}],"collection":[{"href":"https:\/\/rodental.ch\/en\/wp-json\/wp\/v2\/pages"}],"about":[{"href":"https:\/\/rodental.ch\/en\/wp-json\/wp\/v2\/types\/page"}],"author":[{"embeddable":true,"href":"https:\/\/rodental.ch\/en\/wp-json\/wp\/v2\/users\/1"}],"replies":[{"embeddable":true,"href":"https:\/\/rodental.ch\/en\/wp-json\/wp\/v2\/comments?post=69"}],"version-history":[{"count":3,"href":"https:\/\/rodental.ch\/en\/wp-json\/wp\/v2\/pages\/69\/revisions"}],"predecessor-version":[{"id":140,"href":"https:\/\/rodental.ch\/en\/wp-json\/wp\/v2\/pages\/69\/revisions\/140"}],"wp:attachment":[{"href":"https:\/\/rodental.ch\/en\/wp-json\/wp\/v2\/media?parent=69"}],"curies":[{"name":"wp","href":"https:\/\/api.w.org\/{rel}","templated":true}]}}